{"id":45,"date":"2025-02-10T10:01:16","date_gmt":"2025-02-10T10:01:16","guid":{"rendered":"https:\/\/drozdteam.pl\/?page_id=45"},"modified":"2026-01-25T22:27:37","modified_gmt":"2026-01-25T22:27:37","slug":"regulamin-kolonii","status":"publish","type":"page","link":"https:\/\/drozdteam.pl\/index.php\/regulamin-kolonii\/","title":{"rendered":"Regulamin kolonii"},"content":{"rendered":"\n<p><\/p>\n\n\n\n<p>REGULAMIN WAKACJE 2026<\/p>\n\n\n\n<ol class=\"wp-block-list\">\n<li>Uczestnik wypoczynku zobowi\u0105zany jest stosowa\u0107 si\u0119 do postanowie\u0144 niniejszego regulaminu, innych regulamin\u00f3w szczeg\u00f3\u0142owych (kontraktu, regulaminu ppo\u017c., regulaminu k\u0105pieli w morzu, basenie, itp. regulaminu o\u015brodka wypoczynkowego itp.) oraz do polece\u0144 wychowawcy i kierownika kolonii.<\/li>\n\n\n\n<li>Bezwzgl\u0119dnie zakazane jest:\n<ul class=\"wp-block-list\">\n<li>Palenie tytoniu, picie alkoholu i u\u017cywanie \u015brodk\u00f3w odurzaj\u0105cych. Zakaz ten dotyczy zar\u00f3wno uczestnik\u00f3w kolonii jak i kadry wychowawczej.<\/li>\n\n\n\n<li>Niszczenie lub u\u017cywanie sprz\u0119t\u00f3w i wyposa\u017cenia niezgodnie z ich przeznaczeniem.<\/li>\n\n\n\n<li>Samowolne oddalanie si\u0119 z terenu przebywania oraz z innych miejsc czasowego przebywania grupy.<\/li>\n\n\n\n<li>U\u017cywanie s\u0142\u00f3w uznanych powszechnie za niecenzuralne.<\/li>\n<\/ul>\n<\/li>\n\n\n\n<li>Uczestnik wypoczynku ma obowi\u0105zek:\n<ul class=\"wp-block-list\">\n<li>Poszanowania cudzej w\u0142asno\u015bci, godno\u015bci osobistej drugiego cz\u0142owieka i jego przekona\u0144.<\/li>\n\n\n\n<li>Uczestniczenia we wszystkich zaj\u0119ciach organizowanych dla jego grupy. W przypadku jakiejkolwiek niedyspozycji powinien zg\u0142osi\u0107 to swojemu wychowawcy.<\/li>\n\n\n\n<li>Zg\u0142aszania wychowawcy wszelkich zauwa\u017conych nieprawid\u0142owo\u015bci, szczeg\u00f3lnie zagro\u017ce\u0144 dla zdrowia lub \u017cycia.<\/li>\n<\/ul>\n<\/li>\n\n\n\n<li>Organizator kolonii nie ponosi \u017cadnej odpowiedzialno\u015bci za sprz\u0119t elektroniczny (MP3, telefony kom\u00f3rkowe, tablety, zegarki, smartwatch itp.), <br>pieni\u0105dze i inne rzeczy warto\u015bciowe, kt\u00f3re uczestnik kolonii zabierze ze sob\u0105 na wypoczynek.<\/li>\n\n\n\n<li>U\u017cywanie telefon\u00f3w kom\u00f3rkowych, gier elektronicznych itp. jest dopuszczalne wy\u0142\u0105cznie w czasie wskazanym przez wychowawc\u0119.<br>W ka\u017cdym czasie rodzice, w sprawach bardzo wa\u017cnych, b\u0119d\u0105 mogli kontaktowa\u0107 si\u0119 z wychowawc\u0105 grupy.<\/li>\n\n\n\n<li>Ka\u017cde wykroczenie przeciw zasadom regulaminu b\u0119dzie skutkowa\u0142o ukaraniem uczestnika kolonii upomnieniem lub nagan\u0105, a w przypadkach drastycznych wydaleniem z wypoczynku na koszt rodzic\u00f3w\/opiekun\u00f3w.<\/li>\n\n\n\n<li>Rodzice\/opiekunowie ponosz\u0105 materialn\u0105 odpowiedzialno\u015b\u0107 za szkody wyrz\u0105dzone przez ich dziecko.<\/li>\n\n\n\n<li>Rodzic\/opiekun ma obowi\u0105zek odebrania dziecka z kolonii w przypadku choroby jak najszybciej, max w ciagu 24h od zg\u0142oszenia choroby przez kadr\u0119 wypoczynku.<\/li>\n<\/ol>\n\n\n\n<div class=\"wp-block-buttons is-layout-flex wp-block-buttons-is-layout-flex\">\n<div class=\"wp-block-button\"><a class=\"wp-block-button__link wp-element-button\" href=\"https:\/\/drozdteam.pl\/wp-content\/uploads\/2026\/01\/Regulamin-kolonii.pdf\">Pobierz Regulamin<\/a><\/div>\n<\/div>\n\n\n\n<p><\/p>\n","protected":false},"excerpt":{"rendered":"<p>REGULAMIN WAKACJE 2026<\/p>\n","protected":false},"author":1,"featured_media":0,"parent":0,"menu_order":0,"comment_status":"closed","ping_status":"closed","template":"","meta":{"om_disable_all_campaigns":false,"_monsterinsights_skip_tracking":false,"_monsterinsights_sitenote_active":false,"_monsterinsights_sitenote_note":"","_monsterinsights_sitenote_category":0,"footnotes":""},"class_list":["post-45","page","type-page","status-publish","hentry"],"aioseo_notices":[],"jetpack_sharing_enabled":true,"_links":{"self":[{"href":"https:\/\/drozdteam.pl\/index.php\/wp-json\/wp\/v2\/pages\/45","targetHints":{"allow":["GET"]}}],"collection":[{"href":"https:\/\/drozdteam.pl\/index.php\/wp-json\/wp\/v2\/pages"}],"about":[{"href":"https:\/\/drozdteam.pl\/index.php\/wp-json\/wp\/v2\/types\/page"}],"author":[{"embeddable":true,"href":"https:\/\/drozdteam.pl\/index.php\/wp-json\/wp\/v2\/users\/1"}],"replies":[{"embeddable":true,"href":"https:\/\/drozdteam.pl\/index.php\/wp-json\/wp\/v2\/comments?post=45"}],"version-history":[{"count":5,"href":"https:\/\/drozdteam.pl\/index.php\/wp-json\/wp\/v2\/pages\/45\/revisions"}],"predecessor-version":[{"id":375,"href":"https:\/\/drozdteam.pl\/index.php\/wp-json\/wp\/v2\/pages\/45\/revisions\/375"}],"wp:attachment":[{"href":"https:\/\/drozdteam.pl\/index.php\/wp-json\/wp\/v2\/media?parent=45"}],"curies":[{"name":"wp","href":"https:\/\/api.w.org\/{rel}","templated":true}]}}