{"id":35,"date":"2025-02-10T09:55:03","date_gmt":"2025-02-10T09:55:03","guid":{"rendered":"https:\/\/drozdteam.pl\/?page_id=35"},"modified":"2025-02-10T11:25:51","modified_gmt":"2025-02-10T11:25:51","slug":"polityka-prywatnosci-dotyczaca-plikow-cookie-ciasteczka","status":"publish","type":"page","link":"https:\/\/drozdteam.pl\/index.php\/rodo\/polityka-prywatnosci-dotyczaca-plikow-cookie-ciasteczka\/","title":{"rendered":"Polityka Prywatno\u015bci dotycz\u0105ca plik\u00f3w cookie (ciasteczka)"},"content":{"rendered":"\n<p>Podmiotem, kt\u00f3ry zamieszcza informacje w urz\u0105dzeniu ko\u0144cowym u\u017cytkownika (np. komputer, tablet, smartphone) w formie plik\u00f3w cookies (tzw. \u201eciasteczka\u201d) i jednocze\u015bnie uzyskuje do nich dost\u0119p jest KS DROZDTeam.<br>Zbierane i wykorzystywane informacje o u\u017cytkownikach ograniczamy do niezb\u0119dnego minimum, kt\u00f3re pozwala nam \u015bwiadczy\u0107 us\u0142ugi na odpowiednim poziomie.<\/p>\n\n\n\n<p><\/p>\n\n\n\n<p><br>Niniejsza polityka prywatno\u015bci dotyczy plik\u00f3w cookies, kt\u00f3re stosujemy na stronie internetowej drozdteam.pl (\u201estrona internetowa\u201d).<\/p>\n\n\n\n<h2 class=\"wp-block-heading\"><span style=\"color: #ffffff;\">Jakie pliki cookies wykorzystujemy?<\/span><\/h2>\n\n\n\n<p>Na naszej stronie internetowej u\u017cywamy plik\u00f3w cookies, kt\u00f3re zawieraj\u0105 informacje pozwalaj\u0105ce nam dostosowa\u0107 tre\u015bci do Twoich potrzeb, usprawni\u0107 dzia\u0142anie naszej strony internetowej oraz analizowa\u0107 ruch na naszej stronie internetowej.<\/p>\n\n\n\n<p>W szczeg\u00f3lno\u015bci stosujemy pliki cookies na naszej stronie internetowej w celu:<\/p>\n\n\n\n<ul class=\"wp-block-list\">\n<li>zbierania anonimowych statystyk, dzi\u0119ki kt\u00f3rym mo\u017cemy lepiej pozna\u0107 oczekiwania u\u017cytkownik\u00f3w i rozwija\u0107 stron\u0119 internetow\u0105 tak, by by\u0142a jeszcze bardziej przyjazna,<\/li>\n\n\n\n<li>zapewnienia prawid\u0142owego dzia\u0142ania wybranych funkcji strony internetowej,<\/li>\n\n\n\n<li>optymalizacji strony (tj. dostosowania jej wygl\u0105du do najpopularniejszych urz\u0105dze\u0144),<\/li>\n\n\n\n<li>reklamowym,<\/li>\n\n\n\n<li>zapewnienia r\u00f3wnomiernego obci\u0105\u017cenia serwer\u00f3w,<\/li>\n\n\n\n<li>obs\u0142ugi sesji u\u017cytkownika,<\/li>\n\n\n\n<li>zapobie\u017ceniu wielokrotnej prezentacji temu samemu u\u017cytkownikowi komunikatu informuj\u0105cego o wykorzystywaniu plik\u00f3w cookies przez stron\u0119.<\/li>\n<\/ul>\n\n\n\n<h2 class=\"wp-block-heading\"><span style=\"color: #ffffff;\">Co to s\u0105 pliki cookies?<\/span><\/h2>\n\n\n\n<p>Pliki cookies (tzw. \u201eciasteczka\u201d) s\u0105 to dane informatyczne, mi\u0119dzy innymi pliki tekstowe, kt\u00f3re przegl\u0105darka internetowa mo\u017ce wysy\u0142a\u0107 do serwera przy ka\u017cdorazowym odwiedzeniu naszej strony internetowej i kt\u00f3re przechowywane s\u0105 w urz\u0105dzeniu ko\u0144cowym u\u017cytkownika.<\/p>\n\n\n\n<p>Pliki cookies zawieraj\u0105 m. in. takie dane jak: nazw\u0119 strony internetowej, z kt\u00f3rej pochodz\u0105, czas przechowywania ich na urz\u0105dzeniu ko\u0144cowym u\u017cytkownika oraz unikalny numer, kt\u00f3ry zosta\u0142 wygenerowany w celu identyfikacji przegl\u0105darki internetowej, z kt\u00f3rej korzystasz, by po\u0142\u0105czy\u0107 si\u0119 ze stron\u0105 internetow\u0105. W plikach cookies cz\u0119sto przechowuje si\u0119 informacje, kt\u00f3re s\u0105 niezb\u0119dne do prawid\u0142owego dzia\u0142ania strony internetowej. Pliki cookies mog\u0105 przechowywa\u0107 r\u00f3wnie\u017c unikalny numer identyfikuj\u0105cy urz\u0105dzenie ko\u0144cowe u\u017cytkownika, na jego podstawie nie jest mo\u017cliwe ustalenie to\u017csamo\u015bci u\u017cytkownika.<\/p>\n\n\n\n<p>Wi\u0119cej szczeg\u00f3\u0142\u00f3w na temat plik\u00f3w cookies mo\u017cesz uzyska\u0107 odwiedzaj\u0105c mi\u0119dzy innymi strony internetowe pod adresem: wszystkoociasteczkach.pl; youronlinechoices.com lub w menu swojej przegl\u0105darki internetowej w sekcji \u201dpomoc\u201d.<\/p>\n\n\n\n<h2 class=\"wp-block-heading\"><span style=\"color: #ffffff;\">Jakich plik\u00f3w cookies u\u017cywamy?<\/span><\/h2>\n\n\n\n<p>Na naszej stronie internetowej stosujemy pliki cookies:<\/p>\n\n\n\n<ul class=\"wp-block-list\">\n<li>\u201esta\u0142e\u201d \u2013pozostaj\u0105 na urz\u0105dzeniu u\u017cytkownika tak d\u0142ugo, jak d\u0142ugo ustawiona jest ich \u017cywotno\u015b\u0107 lub do momentu ich r\u0119cznego usuni\u0119cia. Umo\u017cliwiaj\u0105 m.in. okre\u015blenie kt\u00f3rzy u\u017cytkownicy s\u0105 nowi, a kt\u00f3rzy powracaj\u0105 na stron\u0119.<\/li>\n\n\n\n<li>\u201esesyjne\u201d \u2013 s\u0105 plikami tymczasowymi przechowywanymi w pami\u0119ci przegl\u0105darki. Pozostaj\u0105 na urz\u0105dzeniu do czasu opuszczenia strony. Umo\u017cliwiaj\u0105 m.in. okre\u015blenie czy dane powinny by\u0107 zbierane na poczet obecnej wizyty, czy rozpocz\u0105\u0107 \u015bledzenie nowej.<\/li>\n<\/ul>\n\n\n\n<p>Rodzaje stosowanych na naszej stronie internetowej plik\u00f3w cookies:<br>Analityczne\/statystyczne \u2013 pliki cookies pochodz\u0105ce z narz\u0119dzi analitycznych Google Analytics i Matomo, umieszczane w urz\u0105dzeniu u\u017cytkownika ko\u0144cowego. Google Analytics i Matomo na podstawie plik\u00f3w cookies otrzymuje m.in. nast\u0119puj\u0105ce informacje o u\u017cytkowniku:<\/p>\n\n\n\n<ul class=\"wp-block-list\">\n<li>z jakich \u017ar\u00f3de\u0142 odwiedzi\u0142 nasz\u0105 stron\u0119 internetow\u0105 (np. inna witryna, wyszukiwarka internetowa),&nbsp;<\/li>\n\n\n\n<li>na jakie podstrony si\u0119 kierowa\u0142,&nbsp;<\/li>\n\n\n\n<li>do kt\u00f3rych us\u0142ug si\u0119 kierowa\u0142,<\/li>\n\n\n\n<li>jakiej rozdzielczo\u015bci u\u017cywa\u0142,&nbsp;<\/li>\n\n\n\n<li>z jakiego typu urz\u0105dzenia korzysta\u0142 (np. komputer, tablet, smartphone),<\/li>\n\n\n\n<li>czy podczas korzystania ze strony internetowej wyst\u0105pi\u0142y problemy.&nbsp;<\/li>\n<\/ul>\n\n\n\n<p>Narz\u0119dzie Google Analytics jest wykorzystywane wy\u0142\u0105cznie na stronach informacyjnych, do kt\u00f3rych u\u017cytkownik ma dost\u0119p przed zalogowaniem si\u0119 na swoje konto. Narz\u0119dzie to jest wy\u0142\u0105czane w momencie logowania u\u017cytkownika do jego profilu.<\/p>\n\n\n\n<p>Pliki cookies nie \u0142\u0105cz\u0105 si\u0119 z innymi informacjami o u\u017cytkowniku, w szczeg\u00f3lno\u015bci z danymi osobowymi. Tw\u00f3j adres IP jest anonimizowany, czyli skracany najszybciej, jak to mo\u017cliwe.<\/p>\n\n\n\n<h2 class=\"wp-block-heading\"><span style=\"color: #ffffff;\">Co mo\u017cesz zrobi\u0107, \u017ceby zmieni\u0107 ustawienia plik\u00f3w cookies?<span\/><\/h2>\n\n\n\n<p>Je\u017celi nie wyra\u017casz zgody na korzystanie przez nas z plik\u00f3w cookies albo chcesz ograniczy\u0107 zakres korzystania z plik\u00f3w cookies, mo\u017cesz zrezygnowa\u0107 z korzystania z naszej strony internetowej lub zmieni\u0107 ustawienia swojej przegl\u0105darki internetowej.<\/p>\n\n\n\n<p>Mo\u017cesz w ka\u017cdym czasie dokona\u0107 zmiany ustawie\u0144 przegl\u0105darki internetowej w zakresie plik\u00f3w cookies, w szczeg\u00f3lno\u015bci zablokowa\u0107 automatyczn\u0105 obs\u0142ug\u0119 plik\u00f3w cookies (w ca\u0142o\u015bci lub w cz\u0119\u015bci). Istnieje tak\u017ce mo\u017cliwo\u015b\u0107 zablokowania dzia\u0142ania Google Analytics przez u\u017cytkownika poprzez opcjonalny dodatek do przegl\u0105darki dost\u0119pnej pod adresem: https:\/\/tools.google.com\/dlpage\/gaoptout, kt\u00f3ry po zainstalowaniu i uaktywnieniu wy\u0142\u0105cza pomiary Google Analytics na wszystkich stronach wy\u015bwietlanych przez u\u017cytkownika. Wi\u0119cej informacji na temat mo\u017cliwo\u015bci i sposob\u00f3w obs\u0142ugi plik\u00f3w cookies dost\u0119pne jest w ustawieniach przegl\u0105darki internetowej, z kt\u00f3rej korzystasz.<\/p>\n\n\n\n<p>Musisz pami\u0119ta\u0107, \u017ce ograniczenie lub wy\u0142\u0105cznie stosowanych przez nas plik\u00f3w cookies mo\u017ce wp\u0142yn\u0105\u0107 na niekt\u00f3re funkcjonalno\u015bci, kt\u00f3re s\u0105 dost\u0119pne na naszej stronie internetowej.<\/p>\n\n\n\n<p>Wi\u0119cej szczeg\u00f3\u0142\u00f3w na temat mo\u017cliwo\u015bci zmiany ustawie\u0144 plik\u00f3w cookies mo\u017cesz uzyska\u0107 w menu swojej przegl\u0105darki internetowej w sekcji \u201dpomoc\u201d. Szczeg\u00f3\u0142owe informacje mo\u017cesz uzyska\u0107 odwiedzaj\u0105c na przyk\u0142ad poni\u017csze strony:<\/p>\n\n\n\n<p>Mozilla:&nbsp;<a href=\"https:\/\/support.mozilla.org\/pl\/kb\/usuwanie-ciasteczek\">https:\/\/support.mozilla.org\/pl\/kb\/usuwanie-ciasteczek<\/a><br>Chrome:&nbsp;<a href=\"https:\/\/support.google.com\/chrome\/answer\/95647?hl=pl\">https:\/\/support.google.com\/chrome\/answer\/95647?hl=pl<\/a><br>Internet Explorer:&nbsp;<a href=\"https:\/\/support.microsoft.com\/pl-pl\/help\/17442\/windows-internet-explorer-delete-manage-cookies#ie=ie-11\">https:\/\/support.microsoft.com\/pl-pl\/help\/17442\/windows-internet-explorer-delete-manage-cookies#ie=ie-11<\/a><br>Safari:&nbsp;<a href=\"https:\/\/support.apple.com\/pl-pl\/guide\/safari\/sfri11471\/mac\">https:\/\/support.apple.com\/pl-pl\/guide\/safari\/sfri11471\/mac<\/a><br>Opera:&nbsp;<a href=\"https:\/\/help.opera.com\/pl\/latest\/web-preferences\/\">https:\/\/help.opera.com\/pl\/latest\/web-preferences\/<\/a><\/p>\n\n\n\n<h2 class=\"wp-block-heading\"><span style=\"color: #ffffff;\">Bezpiecze\u0144stwo informacji<\/span><\/h2>\n\n\n\n<p>Bardzo powa\u017cnie traktujemy bezpiecze\u0144stwo danych. Dlatego dok\u0142adamy stara\u0144, by chroni\u0107 nasz serwis przed nieuprawnionym dost\u0119pem os\u00f3b trzecich, oraz kontrolujemy metody gromadzenia, przechowywania i przetwarzania informacji. Stosujemy mi\u0119dzy innymi firewall, urz\u0105dzenia zabezpieczaj\u0105ce serwer, urz\u0105dzenia szyfruj\u0105ce i fizyczne \u015brodki bezpiecze\u0144stwa. Dost\u0119pu do danych udzielamy jedynie tym pracownikom i podmiotom, kt\u00f3rzy musz\u0105 mie\u0107 do nich dost\u0119p do przetwarzania wy\u0142\u0105cznie w celach opisanych w polityce prywatno\u015bci.<\/p>\n","protected":false},"excerpt":{"rendered":"<p>Podmiotem, kt\u00f3ry zamieszcza informacje w urz\u0105dzeniu ko\u0144cowym u\u017cytkownika (np. komputer, tablet, smartphone) w formie plik\u00f3w cookies (tzw. \u201eciasteczka\u201d) i jednocze\u015bnie uzyskuje do nich dost\u0119p jest KS DROZDTeam.Zbierane i wykorzystywane informacje o u\u017cytkownikach ograniczamy do niezb\u0119dnego minimum, kt\u00f3re pozwala nam \u015bwiadczy\u0107 us\u0142ugi na odpowiednim poziomie. Niniejsza polityka prywatno\u015bci dotyczy plik\u00f3w cookies, kt\u00f3re stosujemy na stronie internetowej [&hellip;]<\/p>\n","protected":false},"author":1,"featured_media":0,"parent":27,"menu_order":0,"comment_status":"closed","ping_status":"closed","template":"","meta":{"om_disable_all_campaigns":false,"_monsterinsights_skip_tracking":false,"_monsterinsights_sitenote_active":false,"_monsterinsights_sitenote_note":"","_monsterinsights_sitenote_category":0,"footnotes":""},"class_list":["post-35","page","type-page","status-publish","hentry"],"aioseo_notices":[],"jetpack_sharing_enabled":true,"_links":{"self":[{"href":"https:\/\/drozdteam.pl\/index.php\/wp-json\/wp\/v2\/pages\/35","targetHints":{"allow":["GET"]}}],"collection":[{"href":"https:\/\/drozdteam.pl\/index.php\/wp-json\/wp\/v2\/pages"}],"about":[{"href":"https:\/\/drozdteam.pl\/index.php\/wp-json\/wp\/v2\/types\/page"}],"author":[{"embeddable":true,"href":"https:\/\/drozdteam.pl\/index.php\/wp-json\/wp\/v2\/users\/1"}],"replies":[{"embeddable":true,"href":"https:\/\/drozdteam.pl\/index.php\/wp-json\/wp\/v2\/comments?post=35"}],"version-history":[{"count":6,"href":"https:\/\/drozdteam.pl\/index.php\/wp-json\/wp\/v2\/pages\/35\/revisions"}],"predecessor-version":[{"id":86,"href":"https:\/\/drozdteam.pl\/index.php\/wp-json\/wp\/v2\/pages\/35\/revisions\/86"}],"up":[{"embeddable":true,"href":"https:\/\/drozdteam.pl\/index.php\/wp-json\/wp\/v2\/pages\/27"}],"wp:attachment":[{"href":"https:\/\/drozdteam.pl\/index.php\/wp-json\/wp\/v2\/media?parent=35"}],"curies":[{"name":"wp","href":"https:\/\/api.w.org\/{rel}","templated":true}]}}