{"id":33,"date":"2025-02-10T09:54:38","date_gmt":"2025-02-10T09:54:38","guid":{"rendered":"https:\/\/drozdteam.pl\/?page_id=33"},"modified":"2025-02-10T10:27:41","modified_gmt":"2025-02-10T10:27:41","slug":"podstawy-prawne-zezwalajace-na-przetwarzanie-danych-osobowych","status":"publish","type":"page","link":"https:\/\/drozdteam.pl\/index.php\/rodo\/podstawy-prawne-zezwalajace-na-przetwarzanie-danych-osobowych\/","title":{"rendered":"Podstawy Prawne Zezwalaj\u0105ce Na Przetwarzanie Danych Osobowych"},"content":{"rendered":"\n<p>Artyku\u0142&nbsp; 6<\/p>\n\n\n\n<p>Zgodno\u015b\u0107 przetwarzania z prawem<\/p>\n\n\n\n<p>1.Przetwarzanie jest zgodne z prawem wy\u0142\u0105cznie w przypadkach, gdy \u2013 i w takim zakresie, w jakim \u2013 spe\u0142niony jest co najmniej jeden z poni\u017cszych warunk\u00f3w:<\/p>\n\n\n\n<p>a) osoba, kt\u00f3rej dane dotycz\u0105 wyrazi\u0142a zgod\u0119 na przetwarzanie swoich danych osobowych w jednym lub wi\u0119kszej liczbie okre\u015blonych cel\u00f3w;<\/p>\n\n\n\n<p>b) przetwarzanie jest niezb\u0119dne do wykonania umowy, kt\u00f3rej stron\u0105 jest osoba, kt\u00f3rej dane dotycz\u0105, lub do podj\u0119cia dzia\u0142a\u0144 na \u017c\u0105danie osoby, kt\u00f3rej dane dotycz\u0105, przed zawarciem umowy;<\/p>\n\n\n\n<p>c) przetwarzanie jest niezb\u0119dne do wype\u0142nienia obowi\u0105zku prawnego ci\u0105\u017c\u0105cego na administratorze;<\/p>\n\n\n\n<p>d) przetwarzanie jest niezb\u0119dne do ochrony \u017cywotnych interes\u00f3w osoby, kt\u00f3rej dane dotycz\u0105, lub innej osoby fizycznej;<\/p>\n\n\n\n<p>e) przetwarzanie jest niezb\u0119dne do wykonania zadania realizowanego w interesie publicznym lub w ramach sprawowania w\u0142adzy publicznej powierzonej administratorowi;<\/p>\n\n\n\n<p>f) przetwarzanie jest niezb\u0119dne do cel\u00f3w wynikaj\u0105cych z prawnie uzasadnionych interes\u00f3w realizowanych przez administratora lub przez stron\u0119 trzeci\u0105, z wyj\u0105tkiem sytuacji, w kt\u00f3rych nadrz\u0119dny charakter wobec tych interes\u00f3w maj\u0105 interesy lub podstawowe prawa i wolno\u015bci osoby, kt\u00f3rej dane dotycz\u0105, wymagaj\u0105ce ochrony danych osobowych, w szczeg\u00f3lno\u015bci gdy osoba, kt\u00f3rej dane dotycz\u0105, jest dzieckiem.<\/p>\n\n\n\n<p>Artyku\u0142&nbsp; 9<\/p>\n\n\n\n<p>Przetwarzanie szczeg\u00f3lnych kategorii danych osobowych<\/p>\n\n\n\n<p>1.Zabrania si\u0119 przetwarzania danych osobowych ujawniaj\u0105cych pochodzenie rasowe lub etniczne, pogl\u0105dy polityczne, przekonania religijne lub \u015bwiatopogl\u0105dowe, przynale\u017cno\u015b\u0107 do zwi\u0105zk\u00f3w zawodowych oraz przetwarzania danych genetycznych, danych biometrycznych w celu jednoznacznego zidentyfikowania osoby fizycznej lub danych dotycz\u0105cych zdrowia, seksualno\u015bci lub orientacji seksualnej tej osoby.<\/p>\n\n\n\n<p>2.Ust. 1 nie ma zastosowania, je\u017celi spe\u0142niony jest jeden z poni\u017cszych warunk\u00f3w:<\/p>\n\n\n\n<p>(\u2026)<\/p>\n\n\n\n<p>b) przetwarzanie jest niezb\u0119dne do wype\u0142nienia obowi\u0105zk\u00f3w i wykonywania szczeg\u00f3lnych praw przez administratora lub osob\u0119, kt\u00f3rej dane dotycz\u0105, w dziedzinie prawa pracy, zabezpieczenia spo\u0142ecznego i ochrony socjalnej, o ile jest to dozwolone prawem Unii lub prawem pa\u0144stwa cz\u0142onkowskiego, lub porozumieniem zbiorowym na mocy prawa pa\u0144stwa cz\u0142onkowskiego przewiduj\u0105cymi odpowiednie zabezpieczenia praw podstawowych i interes\u00f3w osoby, kt\u00f3rej dane dotycz\u0105;<\/p>\n","protected":false},"excerpt":{"rendered":"<p>Artyku\u0142&nbsp; 6 Zgodno\u015b\u0107 przetwarzania z prawem 1.Przetwarzanie jest zgodne z prawem wy\u0142\u0105cznie w przypadkach, gdy \u2013 i w takim zakresie, w jakim \u2013 spe\u0142niony jest co najmniej jeden z poni\u017cszych warunk\u00f3w: a) osoba, kt\u00f3rej dane dotycz\u0105 wyrazi\u0142a zgod\u0119 na przetwarzanie swoich danych osobowych w jednym lub wi\u0119kszej liczbie okre\u015blonych cel\u00f3w; b) przetwarzanie jest niezb\u0119dne do [&hellip;]<\/p>\n","protected":false},"author":1,"featured_media":0,"parent":27,"menu_order":0,"comment_status":"closed","ping_status":"closed","template":"","meta":{"om_disable_all_campaigns":false,"_monsterinsights_skip_tracking":false,"_monsterinsights_sitenote_active":false,"_monsterinsights_sitenote_note":"","_monsterinsights_sitenote_category":0,"footnotes":""},"class_list":["post-33","page","type-page","status-publish","hentry"],"aioseo_notices":[],"jetpack_sharing_enabled":true,"_links":{"self":[{"href":"https:\/\/drozdteam.pl\/index.php\/wp-json\/wp\/v2\/pages\/33","targetHints":{"allow":["GET"]}}],"collection":[{"href":"https:\/\/drozdteam.pl\/index.php\/wp-json\/wp\/v2\/pages"}],"about":[{"href":"https:\/\/drozdteam.pl\/index.php\/wp-json\/wp\/v2\/types\/page"}],"author":[{"embeddable":true,"href":"https:\/\/drozdteam.pl\/index.php\/wp-json\/wp\/v2\/users\/1"}],"replies":[{"embeddable":true,"href":"https:\/\/drozdteam.pl\/index.php\/wp-json\/wp\/v2\/comments?post=33"}],"version-history":[{"count":2,"href":"https:\/\/drozdteam.pl\/index.php\/wp-json\/wp\/v2\/pages\/33\/revisions"}],"predecessor-version":[{"id":57,"href":"https:\/\/drozdteam.pl\/index.php\/wp-json\/wp\/v2\/pages\/33\/revisions\/57"}],"up":[{"embeddable":true,"href":"https:\/\/drozdteam.pl\/index.php\/wp-json\/wp\/v2\/pages\/27"}],"wp:attachment":[{"href":"https:\/\/drozdteam.pl\/index.php\/wp-json\/wp\/v2\/media?parent=33"}],"curies":[{"name":"wp","href":"https:\/\/api.w.org\/{rel}","templated":true}]}}