{"id":3,"date":"2025-02-10T03:09:49","date_gmt":"2025-02-10T03:09:49","guid":{"rendered":"http:\/\/drozdteam.pl\/?page_id=3"},"modified":"2026-01-31T11:38:33","modified_gmt":"2026-01-31T11:38:33","slug":"rodo-polityka-prywatnosci","status":"publish","type":"page","link":"https:\/\/drozdteam.pl\/index.php\/rodo\/rodo-polityka-prywatnosci\/","title":{"rendered":"Polityka prywatno\u015bci\/ ochrony\/ Regulaminy"},"content":{"rendered":"\n<p>Zgodnie z rozporz\u0105dzeniem Parlamentu Europejskiego i Rady (UE) 2016\/679 z 27.04.2016 r. w sprawie ochrony os\u00f3b fizycznych w zwi\u0105zku z przetwarzaniem danych osobowych i w sprawie swobodnego przep\u0142ywu takich danych oraz uchylenia dyrektywy 95\/46\/WE (dalej RODO) (Dz.Urz. UE L 119, s. 1), w zwi\u0105zku z nasz\u0105 wsp\u00f3\u0142prac\u0105, szanuj\u0105c Pana\/Pani prywatno\u015b\u0107 oraz dbaj\u0105c o to, aby wiedzia\u0142 Pan\/Pani kto i w jaki spos\u00f3b przetwarza dane osobowe, poni\u017cej przedstawiamy odpowiednie informacje:<\/p>\n\n\n\n<p>Administratorem Pana\/Pani danych osobowych jest Klub Sportowy DROZDTeam Fundacji DROZD z siedzib\u0105 w \u0141odzi, ul. Gojawiczy\u0144skiej 1\/32, NIP: 9820390772.<\/p>\n\n\n\n<p>Ma Pan\/Pani prawo do dost\u0119pu do swoich danych osobowych, do ich sprostowania, \u017c\u0105dania ich usuni\u0119cia lub wniesienia sprzeciwu z powodu Pana\/Pani szczeg\u00f3lnej sytuacji. Ma Pan\/Pani r\u00f3wnie\u017c prawo do \u017c\u0105dania od Nas ograniczenia przetwarzania Pana\/Pani danych, a tak\u017ce do ich przenoszenia.<\/p>\n\n\n\n<p>Je\u017celi uzna Pan\/Pani, \u017ce dane osobowe b\u0119d\u0105 przetwarzane niezgodnie z wymogami prawa ma Pan\/Pani prawo wnie\u015b\u0107 skarg\u0119 do organu nadzorczego, kt\u00f3rym jest Prezes Urz\u0119du Ochrony Danych Osobowych.<\/p>\n\n\n\n<p>Szczeg\u00f3\u0142owo opisane zasady Polityki Ochrony Danych w KS DrozdTeam :<\/p>\n\n\n\n<p>&#8211;&nbsp;<a href=\"https:\/\/drozdteam.pl\/index.php\/rodo\/\" data-type=\"page\" data-id=\"951\" target=\"_blank\" rel=\"noreferrer noopener\">Polityka ochrony danych<\/a><\/p>\n\n\n\n<p>Szczeg\u00f3\u0142y Dotycz\u0105ce Klauzul Przetwarzania Danych Osobowych w Odpowiednich Przypadkach:<\/p>\n\n\n\n<p>&#8211;&nbsp;<a href=\"https:\/\/drozdteam.pl\/index.php\/rodo\/klauzula-informacyjna-dla-pracownika-zleceniobiorcy\/\" data-type=\"URL\" data-id=\"http:\/\/el.edu.pl\/rodo\/klauzula-informacyjna-dla-pracownika\/\">Klauzula informacyjna dla pracownika<\/a><\/p>\n\n\n\n<p>&#8211;&nbsp;<a href=\"https:\/\/drozdteam.pl\/index.php\/rodo\/klauzula-informacyjna-dla-kontrahentow\/\" data-type=\"URL\" data-id=\"http:\/\/el.edu.pl\/rodo\/klauzula-informacyjna-dla-kontrahentow\/\">Klauzula informacyjna dla kontrahent\u00f3w<\/a><\/p>\n\n\n\n<p>&#8211;&nbsp;<a href=\"https:\/\/drozdteam.pl\/index.php\/rodo\/klauzula-informacyjna-dla-klientow\/\" data-type=\"URL\" data-id=\"http:\/\/el.edu.pl\/rodo\/klauzula-informacyjna-dla-klientow\/\">Klauzula informacyjna dla klient\u00f3w<\/a><\/p>\n\n\n\n<p>&#8211; <a href=\"https:\/\/drozdteam.pl\/index.php\/rodo\/klauzula-dot-monitoringu\/\" data-type=\"URL\" data-id=\"http:\/\/el.edu.pl\/rodo\/klauzula-dot-monitoringu\/\">Klauzula dot. monitoringu<\/a><\/p>\n\n\n\n<p><a href=\"https:\/\/drozdteam.pl\/index.php\/rodo\/klauzula-dot-platnosci-internetowych\/\" data-type=\"URL\" data-id=\"http:\/\/el.edu.pl\/rodo\/klauzula-dot-obslugi-platnosci\/\">&#8211; Klauzula dot. zakupu us\u0142ug i obs\u0142ugi p\u0142atno\u015bci przez internet<\/a><\/p>\n\n\n\n<p>Pozosta\u0142e:<\/p>\n\n\n\n<p>&#8211;&nbsp;<a href=\"https:\/\/drozdteam.pl\/index.php\/rodo\/podstawy-prawne-zezwalajace-na-przetwarzanie-danych-osobowych\/\" data-type=\"URL\" data-id=\"http:\/\/el.edu.pl\/rodo\/podstawy-prawne-zezwalajace-na-przetwarzanie-danych-osobowych\/\">Podstawy Prawne Zezwalaj\u0105ce Na Przetwarzanie Danych Osobowych<\/a><\/p>\n\n\n\n<p>&#8211;&nbsp;<a href=\"https:\/\/drozdteam.pl\/index.php\/rodo\/polityka-prywatnosci-dotyczaca-plikow-cookie-ciasteczka\/\" data-type=\"URL\" data-id=\"http:\/\/el.edu.pl\/rodo\/polityka-prywatnosci-dotyczaca-plikow-cookie-ciasteczka\/\">Polityka Prywatno\u015bci dotycz\u0105ca plik\u00f3w cookie (ciasteczka)<\/a><\/p>\n\n\n\n<p>Szczeg\u00f3\u0142y Dotycz\u0105ce Standard\u00f3w Ochrony Ma\u0142oletnich<\/p>\n\n\n\n<p>&#8211;&nbsp;<a href=\"https:\/\/drozdteam.pl\/index.php\/rodo\/standardy-ochrony-maloletnich\/\" data-type=\"URL\" data-id=\"http:\/\/el.edu.pl\/rodo\/klauzula-informacyjna-dla-pracownika\/\">Standardy Ochrony Ma\u0142oletnich<\/a><\/p>\n\n\n\n<h2 class=\"wp-block-heading\"><span style=\"color: #ffffff;\">Przetwarzanie danych osobowych u\u017cytkownik\u00f3w<\/span><\/h2>\n\n\n\n<p>Dane osobowe u\u017cytkownik\u00f3w odwiedzaj\u0105cych platform\u0119 el.edu.pl s\u0105 przetwarzane w zakresie wskazanym w klauzuli informacyjnej dost\u0119pnej tutaj: <a href=\"https:\/\/drozdteam.pl\/index.php\/rodo\/\" data-type=\"URL\" data-id=\"https:\/\/drozdteam.pl\/index.php\/rodo\/\" target=\"_blank\" rel=\"noreferrer noopener\">https:\/\/drozdteam.pl\/index.php\/rodo\/<\/a><\/p>\n\n\n\n<p><\/p>\n","protected":false},"excerpt":{"rendered":"<p>Zgodnie z rozporz\u0105dzeniem Parlamentu Europejskiego i Rady (UE) 2016\/679 z 27.04.2016 r. w sprawie ochrony os\u00f3b fizycznych w zwi\u0105zku z przetwarzaniem danych osobowych i w sprawie swobodnego przep\u0142ywu takich danych oraz uchylenia dyrektywy 95\/46\/WE (dalej RODO) (Dz.Urz. UE L 119, s. 1), w zwi\u0105zku z nasz\u0105 wsp\u00f3\u0142prac\u0105, szanuj\u0105c Pana\/Pani prywatno\u015b\u0107 oraz dbaj\u0105c o to, aby [&hellip;]<\/p>\n","protected":false},"author":1,"featured_media":0,"parent":27,"menu_order":0,"comment_status":"closed","ping_status":"open","template":"","meta":{"om_disable_all_campaigns":false,"_monsterinsights_skip_tracking":false,"_monsterinsights_sitenote_active":false,"_monsterinsights_sitenote_note":"","_monsterinsights_sitenote_category":0,"footnotes":""},"class_list":["post-3","page","type-page","status-publish","hentry"],"aioseo_notices":[],"jetpack_sharing_enabled":true,"_links":{"self":[{"href":"https:\/\/drozdteam.pl\/index.php\/wp-json\/wp\/v2\/pages\/3","targetHints":{"allow":["GET"]}}],"collection":[{"href":"https:\/\/drozdteam.pl\/index.php\/wp-json\/wp\/v2\/pages"}],"about":[{"href":"https:\/\/drozdteam.pl\/index.php\/wp-json\/wp\/v2\/types\/page"}],"author":[{"embeddable":true,"href":"https:\/\/drozdteam.pl\/index.php\/wp-json\/wp\/v2\/users\/1"}],"replies":[{"embeddable":true,"href":"https:\/\/drozdteam.pl\/index.php\/wp-json\/wp\/v2\/comments?post=3"}],"version-history":[{"count":7,"href":"https:\/\/drozdteam.pl\/index.php\/wp-json\/wp\/v2\/pages\/3\/revisions"}],"predecessor-version":[{"id":515,"href":"https:\/\/drozdteam.pl\/index.php\/wp-json\/wp\/v2\/pages\/3\/revisions\/515"}],"up":[{"embeddable":true,"href":"https:\/\/drozdteam.pl\/index.php\/wp-json\/wp\/v2\/pages\/27"}],"wp:attachment":[{"href":"https:\/\/drozdteam.pl\/index.php\/wp-json\/wp\/v2\/media?parent=3"}],"curies":[{"name":"wp","href":"https:\/\/api.w.org\/{rel}","templated":true}]}}