{"id":29,"date":"2025-02-10T09:53:52","date_gmt":"2025-02-10T09:53:52","guid":{"rendered":"https:\/\/drozdteam.pl\/?page_id=29"},"modified":"2026-01-28T22:34:36","modified_gmt":"2026-01-28T22:34:36","slug":"klauzula-informacyjna-dla-kontrahentow","status":"publish","type":"page","link":"https:\/\/drozdteam.pl\/index.php\/rodo\/klauzula-informacyjna-dla-kontrahentow\/","title":{"rendered":"Klauzula informacyjna dla kontrahent\u00f3w"},"content":{"rendered":"<p>Zgodnie z art. 13 ust. 1 i ust. 2 rozporz\u0105dzenia Parlamentu Europejskiego i Rady (UE) 2016\/679 z dnia 27 kwietnia 2016 r. w sprawie ochrony os\u00f3b fizycznych w zwi\u0105zku z przetwarzaniem danych osobowych i w sprawie swobodnego przep\u0142ywu takich danych oraz uchylenia dyrektywy 95\/46\/WE (og\u00f3lne rozporz\u0105dzenie o ochronie danych) \u201eRODO\u201d informujemy, i\u017c:<\/p>\n<ol>\n<li>Administratorem Twoich danych osobowych jest Klub Sportowy DROZDTeam Fundacji DROZD z siedzib\u0105 w \u0141odzi, Gojawiczy\u0144skiej 1\/32, 93-249 \u0141\u00f3d\u017a, NIP: 9820390772<\/li>\n<\/ol>\n<ul>\n<li>Z Administratorem mo\u017cesz si\u0119 kontaktowa\u0107 w nast\u0119puj\u0105cy spos\u00f3b:\n<ul>\n<li>listownie na adres: Klub Sportowy DROZDTeam Fundacji DROZD z siedzib\u0105 w \u0141odzi, Gojawiczy\u0144skiej 1\/32, 93-249 \u0141\u00f3d\u017a,<\/li>\n<li>przez e-mail:<a href=\"mailto:admin@drozdteam.pl\">admin@drozdteam.pl<\/a><\/li>\n<li>telefonicznie\/ fax: + 48 536 785 763<\/li>\n<\/ul>\n<\/li>\n<\/ul>\n<ul>\n<li>Administrator nie wyznaczy\u0142 inspektora ochrony danych. Administrator jest osob\u0105, z kt\u00f3r\u0105 mo\u017cesz si\u0119 kontaktowa\u0107 we wszystkich sprawach dotycz\u0105cych przetwarzania danych osobowych oraz korzystania z praw zwi\u0105zanych z przetwarzaniem danych. Z Administratorem mo\u017cesz si\u0119 kontaktowa\u0107 w nast\u0119puj\u0105cy spos\u00f3b:<\/li>\n<\/ul>\n<ol>\n<li style=\"list-style-type: none;\">\n<ul>\n<li style=\"list-style-type: none;\">\n<ul>\n<li>listownie na adres: Klub Sportowy DROZDTeam Fundacji DROZD z siedzib\u0105 w \u0141odzi, Gojawiczy\u0144skiej 1\/32, 93-249 \u0141\u00f3d\u017a,<\/li>\n<li>przez e-mail:<a href=\"mailto:admin@drozdteam.pl\">admin@drozdteam.pl<\/a><\/li>\n<li>telefonicznie\/ fax: + 48 536 785 763<\/li>\n<\/ul>\n<\/li>\n<\/ul>\n<\/li>\n<\/ol>\n<ul>\n<li>Przetwarzamy Twoje dane osobowe w celu:\n<ul>\n<li>umo\u017cliwienia Ci udzia\u0142u w procesach rekrutacyjnych realizowanych przez Administratora, w tym wypadku podstaw\u0105 prawn\u0105 przetwarzania danych osobowych jest Twoja zgoda (art. 6 ust. 1 lit. a RODO),<\/li>\n<li>prawid\u0142owej realizacji umowy, celem wykonania obowi\u0105zk\u00f3w prawnych, jakie na nas ci\u0105\u017c\u0105 jako pracodawcy\/ zleceniodawcy, takich jak obowi\u0105zek prowadzenia i przechowywania akt pracowniczych, dla cel\u00f3w podatkowych (art. 6 ust. 1 lit. b RODO),<\/li>\n<li>dochodzenia lub obrony ewentualnych roszcze\u0144, w tym wypadku podstaw\u0105 prawn\u0105 przetwarzania danych osobowych jest prawnie uzasadniony interes realizowany przez Administratora polegaj\u0105cy na dochodzeniu lub obronie swych roszcze\u0144 (art. 6 ust. 1 lit. f RODO),<\/li>\n<li>wykonania ci\u0105\u017c\u0105cych na Administratorze obowi\u0105zk\u00f3w prawnych takich m.in. jak udzielanie odpowiedzi na reklamacje w terminie i formie przewidzianej przepisami prawa, w tym wypadku podstaw\u0105 prawn\u0105 przetwarzania danych osobowych jest obowi\u0105zek prawny ci\u0105\u017c\u0105cy na Administratorze (art. 6 ust. 1 lit. c RODO),<\/li>\n<li>tworzenia zestawie\u0144, analiz, statystyk na wewn\u0119trzne potrzeby Administratora, w tym wypadku podstaw\u0105 prawn\u0105 przetwarzania danych osobowych jest prawnie uzasadniony interes realizowany przez Administratora polegaj\u0105cy na planowaniu rozwoju us\u0142ug i prowadzonej dzia\u0142alno\u015bci gospodarczej (art. 6 ust. 1 lit. f RODO),<\/li>\n<li>je\u017celi wskutek wsp\u00f3\u0142pracy b\u0119dziemy zmuszeni przetwarza\u0107\u00a0 dane wra\u017cliwe, takie jak dane dotycz\u0105ce zdrowia, to podstaw\u0105 ich przetwarzania b\u0119dzie art. 9 ust. 2 lit. b, tj. przetwarzanie mo\u017ce by\u0107 konieczne dla wykonania ci\u0105\u017c\u0105cych na nas obowi\u0105zk\u00f3w oraz praw wynikaj\u0105cych z prawa pracy, takich jak dokumentacja zwolnie\u0144 lekarskich, dokumentacja BHP. Jednocze\u015bnie zapewniamy, i\u017c nie przetwarzamy \u017cadnych danych osobowych, w szczeg\u00f3lno\u015bci danych wra\u017cliwych, je\u017celi nie jeste\u015bmy do tego zmuszeni.<\/li>\n<\/ul>\n<\/li>\n<li>Podanie przez Ciebie danych osobowych jest dobrowolne, aczkolwiek niezb\u0119dne do wzi\u0119cia udzia\u0142u w procesach rekrutacyjnych Administratora oraz zawarcia umowy i \u015bwiadczenia pracy\/ zlecenia, a konsekwencj\u0105 niepodania danych osobowych b\u0119dzie brak mo\u017cliwo\u015bci wsp\u00f3\u0142pracy KS DROZDTeam . Brak wyra\u017cenia zgody na umo\u017cliwienie Ci udzia\u0142u w procesach rekrutacji realizowanego przez Administratora uniemo\u017cliwi Tw\u00f3j udzia\u0142 w tych procesach.<\/li>\n<li>W zakresie, w jakim Twoje dane osobowe przetwarzane s\u0105 na podstawie zgody, przys\u0142uguje Ci prawo cofni\u0119cia zgody w ka\u017cdym czasie poprzez wys\u0142anie o\u015bwiadczenia o wycofaniu zgody na adres poczty elektronicznej Administratora, z tym, \u017ce wycofanie zgody nie b\u0119dzie mia\u0142o wp\u0142ywu na zgodno\u015b\u0107 z prawem przetwarzania Twoich danych osobowych, kt\u00f3rego dokonano na podstawie zgody przed jej wycofaniem.<\/li>\n<li>Twoje dane osobowe przetwarzane b\u0119d\u0105 w zakresie:\n<ul>\n<li>zawartej umowy \u2013 przez czas trwania umowy, a po tym czasie przez okres przedawnienia ewentualnych roszcze\u0144 zwi\u0105zanych z umow\u0105,<\/li>\n<li>wyra\u017conych zg\u00f3d \u2013 do czasu cofni\u0119cia zgody, a po takim cofni\u0119ciu przez okres przedawnienia ewentualnych roszcze\u0144 przys\u0142uguj\u0105cych Administratorowi i w stosunku do Administratora,<\/li>\n<li>dochodzenia lub obrony roszcze\u0144 \u2013 przez czas dochodzenia roszcze\u0144 lub obrony praw,<\/li>\n<li>wykonania ci\u0105\u017c\u0105cych na Administratorze obowi\u0105zk\u00f3w prawnych \u2013 przez czas wykonania obowi\u0105zk\u00f3w,<\/li>\n<li>tworzenia zestawie\u0144, analiz, statystyk \u2013 przez czas trwania umowy, a po tym czasie przez okres przedawnienia ewentualnych roszcze\u0144 zwi\u0105zanych z umow\u0105,<\/li>\n<li>przechowywania przez okres niezb\u0119dny do konkretnego przetwarzania danych. Z pewno\u015bci\u0105 dane b\u0119d\u0105 przetwarzane przez okres trwania \u0142\u0105cz\u0105cej nas umowy, jak r\u00f3wnie\u017c przez okres trwania wymagalno\u015bci ewentualnych roszcze\u0144 z tym zwi\u0105zanych, a wi\u0119c przez co najmniej 10 lat od rozwi\u0105zania umowy \u2013 zgodnie z og\u00f3lnym terminem przedawnienia w my\u015bl art. 118 ustawy z dnia 23 kwietnia 1964 r. Kodeks cywilny (Dz.U.2017.459 t.j.\u00a0z dnia\u00a02017.03.01).<\/li>\n<li>przechowywania przez 50 lat listy p\u0142ac, karty wynagrodze\u0144 albo inne dowody, na podstawie kt\u00f3rych nast\u0119puje ustalenie podstawy wymiaru emerytury lub renty (art. 125a ust. 4 ustawy z 17.12.1998 r. o emeryturach i rentach z Funduszu Ubezpiecze\u0144 Spo\u0142ecznych). W tym zakresie dane osobowe b\u0119d\u0105 przetwarzane przez nas w powy\u017cej wskazanym okresie.<\/li>\n<\/ul>\n<\/li>\n<li>Odbiorcami Twoich danych osobowych b\u0119d\u0105 nale\u017cycie upowa\u017cnieni pracownicy lub wsp\u00f3\u0142pracownicy Administratora, podmioty upowa\u017cnione przez Ciebie (je\u015bli dotyczy), podmioty przetwarzaj\u0105ce dane w imieniu Administratora, uczestnicz\u0105ce w wykonaniu \u015bwiadczonych us\u0142ug, a tak\u017ce podmioty \u015bwiadcz\u0105ce us\u0142ugi wsparcia technicznego na rzecz Administratora, takie jak obs\u0142uga informatyczna proces\u00f3w kadrowych, us\u0142ugi ksi\u0119gowe lub prawne oraz podmioty uprawnione przepisami prawa.<\/li>\n<li>Administrator nie przetwarza szczeg\u00f3lnych kategorii danych osobowych, ani danych osobowych dotycz\u0105cych wyrok\u00f3w skazuj\u0105cych oraz narusze\u0144 prawa lub powi\u0105zanych \u015brodk\u00f3w bezpiecze\u0144stwa.<\/li>\n<li>Twoje dane osobowe nie s\u0105 przekazywane do pa\u0144stw spoza Europejskiego Obszaru Gospodarczego oraz do organizacji mi\u0119dzynarodowych.<\/li>\n<li>Twoje dane osobowe nie podlegaj\u0105 zautomatyzowanemu podejmowaniu decyzji, w tym profilowaniu.<\/li>\n<li>Przys\u0142uguje Ci prawo dost\u0119pu do danych osobowych, ich sprostowania, usuni\u0119cia lub ograniczenia przetwarzania, a tak\u017ce prawo do przenoszenia danych osobowych w zakresie danych podlegaj\u0105cych zautomatyzowanemu przetwarzaniu, oraz \u2013 w przypadku Twojej szczeg\u00f3lnej sytuacji \u2013 tak\u017ce prawo do wniesienia sprzeciwu wobec przetwarzania Twoich danych osobowych, jednak\u017ce tylko w\u00f3wczas gdy podstaw\u0105 przetwarzania danych jest prawnie uzasadniony interes realizowany przez Administratora lub przez stron\u0119 trzeci\u0105. Administrator przestanie przetwarza\u0107 Twoje dane w tych celach, chyba \u017ce b\u0119dzie w stanie wykaza\u0107, \u017ce istniej\u0105 wa\u017cne, prawnie uzasadnione podstawy, kt\u00f3re s\u0105 nadrz\u0119dne wobec Twoich interes\u00f3w, praw i wolno\u015bci lub \u017ce Twoje dane b\u0119d\u0105 niezb\u0119dne do ewentualnego ustalenia, dochodzenia lub obrony roszcze\u0144. Aby skorzysta\u0107 z powy\u017cszych praw, skontaktuj si\u0119 z Administratorem (dane kontaktowe powy\u017cej).<\/li>\n<li>Przys\u0142uguje Ci prawo wniesienia skargi do organu nadzorczego zajmuj\u0105cego si\u0119 ochron\u0105 danych osobowych, tj. Prezesa Urz\u0119du Ochrony Danych Osobowych.<\/li>\n<\/ul>\n","protected":false},"excerpt":{"rendered":"<p>Zgodnie z art. 13 ust. 1 i ust. 2 rozporz\u0105dzenia Parlamentu Europejskiego i Rady (UE) 2016\/679 z dnia 27 kwietnia 2016 r. w sprawie ochrony os\u00f3b fizycznych w zwi\u0105zku z przetwarzaniem danych osobowych i w sprawie swobodnego przep\u0142ywu takich danych oraz uchylenia dyrektywy 95\/46\/WE (og\u00f3lne rozporz\u0105dzenie o ochronie danych) \u201eRODO\u201d informujemy, i\u017c: Administratorem Twoich danych [&hellip;]<\/p>\n","protected":false},"author":1,"featured_media":0,"parent":27,"menu_order":0,"comment_status":"closed","ping_status":"closed","template":"","meta":{"om_disable_all_campaigns":false,"_monsterinsights_skip_tracking":false,"_monsterinsights_sitenote_active":false,"_monsterinsights_sitenote_note":"","_monsterinsights_sitenote_category":0,"footnotes":""},"class_list":["post-29","page","type-page","status-publish","hentry"],"aioseo_notices":[],"jetpack_sharing_enabled":true,"_links":{"self":[{"href":"https:\/\/drozdteam.pl\/index.php\/wp-json\/wp\/v2\/pages\/29","targetHints":{"allow":["GET"]}}],"collection":[{"href":"https:\/\/drozdteam.pl\/index.php\/wp-json\/wp\/v2\/pages"}],"about":[{"href":"https:\/\/drozdteam.pl\/index.php\/wp-json\/wp\/v2\/types\/page"}],"author":[{"embeddable":true,"href":"https:\/\/drozdteam.pl\/index.php\/wp-json\/wp\/v2\/users\/1"}],"replies":[{"embeddable":true,"href":"https:\/\/drozdteam.pl\/index.php\/wp-json\/wp\/v2\/comments?post=29"}],"version-history":[{"count":9,"href":"https:\/\/drozdteam.pl\/index.php\/wp-json\/wp\/v2\/pages\/29\/revisions"}],"predecessor-version":[{"id":501,"href":"https:\/\/drozdteam.pl\/index.php\/wp-json\/wp\/v2\/pages\/29\/revisions\/501"}],"up":[{"embeddable":true,"href":"https:\/\/drozdteam.pl\/index.php\/wp-json\/wp\/v2\/pages\/27"}],"wp:attachment":[{"href":"https:\/\/drozdteam.pl\/index.php\/wp-json\/wp\/v2\/media?parent=29"}],"curies":[{"name":"wp","href":"https:\/\/api.w.org\/{rel}","templated":true}]}}